{"id":180,"date":"2021-11-10T16:28:15","date_gmt":"2021-11-10T15:28:15","guid":{"rendered":"https:\/\/shop.design-erfurt.de\/?post_type=product&#038;p=180"},"modified":"2022-12-19T13:37:46","modified_gmt":"2022-12-19T12:37:46","slug":"mini-schwibbogen-motiv-erfurt","status":"publish","type":"product","link":"https:\/\/shop.design-erfurt.de\/?product=mini-schwibbogen-motiv-erfurt","title":{"rendered":"Mini-Schwibbogen, Motiv: Erfurt"},"content":{"rendered":"<div>Weihnachtlich wird\u2019s mit unseren Mini-Schwibb\u00f6gen mit den Erfurter Motiven Dom, Severi, Fischmarkt, Kr\u00e4merbr\u00fccke und Weihnachtsmarkt-Pyramide. Der 21x10x8 cm gro\u00dfe Holzbogen kommt als Set aus 2 steckbaren Holzteilen zusammen 2 Teelichtern in einer liebevoll gestalteten Kissenverpackung.<\/div>\n<ul class=\"\">\n<li class=\"\">ca. 21 x 10 x 8 cm<\/li>\n<li class=\"\">Inkl. 2 Teelichter<\/li>\n<li class=\"\">Material: Holz, gelasert<\/li>\n<li class=\"\">Verpackung: Kissenverpackung, Pappe<\/li>\n<\/ul>\n","protected":false},"excerpt":{"rendered":"<p>Weihnachtlich wird\u2019s mit unseren Mini-Schwibb\u00f6gen mit den Erfurter Motiven Dom, Severi, Fischmarkt, Kr\u00e4merbr\u00fccke und Weihnachtsmarkt-Pyramide. Der 21x10x8 cm gro\u00dfe Holzbogen kommt als Set aus 2 steckbaren Holzteilen zusammen 2 Teelichtern in einer liebevoll gestalteten Kissenverpackung. ca. 21 x 10 x 8 cm Inkl. 2 Teelichter Material: Holz, gelasert Verpackung: Kissenverpackung, Pappe<\/p>\n","protected":false},"featured_media":181,"template":"","meta":{"inline_featured_image":false},"product_cat":[42,37],"product_tag":[],"class_list":{"0":"post-180","1":"product","2":"type-product","3":"status-publish","4":"has-post-thumbnail","6":"product_cat-neu","7":"product_cat-verschiedenes","8":"product_shipping_class-produkt-versand","10":"first","11":"outofstock","12":"taxable","13":"shipping-taxable","14":"purchasable","15":"product-type-simple"},"_links":{"self":[{"href":"https:\/\/shop.design-erfurt.de\/index.php?rest_route=\/wp\/v2\/product\/180","targetHints":{"allow":["GET"]}}],"collection":[{"href":"https:\/\/shop.design-erfurt.de\/index.php?rest_route=\/wp\/v2\/product"}],"about":[{"href":"https:\/\/shop.design-erfurt.de\/index.php?rest_route=\/wp\/v2\/types\/product"}],"wp:featuredmedia":[{"embeddable":true,"href":"https:\/\/shop.design-erfurt.de\/index.php?rest_route=\/wp\/v2\/media\/181"}],"wp:attachment":[{"href":"https:\/\/shop.design-erfurt.de\/index.php?rest_route=%2Fwp%2Fv2%2Fmedia&parent=180"}],"wp:term":[{"taxonomy":"product_cat","embeddable":true,"href":"https:\/\/shop.design-erfurt.de\/index.php?rest_route=%2Fwp%2Fv2%2Fproduct_cat&post=180"},{"taxonomy":"product_tag","embeddable":true,"href":"https:\/\/shop.design-erfurt.de\/index.php?rest_route=%2Fwp%2Fv2%2Fproduct_tag&post=180"}],"curies":[{"name":"wp","href":"https:\/\/api.w.org\/{rel}","templated":true}]}}