{"id":199,"date":"2021-11-11T11:37:05","date_gmt":"2021-11-11T10:37:05","guid":{"rendered":"https:\/\/shop.design-erfurt.de\/?post_type=product&#038;p=199"},"modified":"2022-12-19T13:37:43","modified_gmt":"2022-12-19T12:37:43","slug":"anhaenger-set-motiv-erfurt","status":"publish","type":"product","link":"https:\/\/shop.design-erfurt.de\/?product=anhaenger-set-motiv-erfurt","title":{"rendered":"Anh\u00e4nger-Set, Motiv: Erfurt"},"content":{"rendered":"<p>Christbaum, Fenster oder wo es beliebt. Das Anh\u00e4nger-Set mit den Erfurter Motiven Dom, Severi, Fischmarkt und Kr\u00e4merbr\u00fccke macht immer eine gute Figur. Die vier aus Holz gelaserten Anh\u00e4nger haben einen Durchmesser von je 8,5 cm und kommen in einer liebevoll gestalteten Kissenverpackung.<\/p>\n<ul class=\"\">\n<li class=\"\">4 Stk.<\/li>\n<li class=\"\">ca. 8,5 cm<\/li>\n<li class=\"\">Material: Holz, gelasert<\/li>\n<li class=\"\">Verpackung: Kissenverpackung, Pappe<\/li>\n<\/ul>\n","protected":false},"excerpt":{"rendered":"<p>Christbaum, Fenster oder wo es beliebt. Das Anh\u00e4nger-Set mit den Erfurter Motiven Dom, Severi, Fischmarkt und Kr\u00e4merbr\u00fccke macht immer eine gute Figur. Die vier aus Holz gelaserten Anh\u00e4nger haben einen Durchmesser von je 8,5 cm und kommen in einer liebevoll gestalteten Kissenverpackung. 4 Stk. ca. 8,5 cm Material: Holz, gelasert Verpackung: Kissenverpackung, Pappe<\/p>\n","protected":false},"featured_media":183,"template":"","meta":{"inline_featured_image":false},"product_cat":[42,37],"product_tag":[],"class_list":{"0":"post-199","1":"product","2":"type-product","3":"status-publish","4":"has-post-thumbnail","6":"product_cat-neu","7":"product_cat-verschiedenes","8":"product_shipping_class-produkt-versand","10":"first","11":"outofstock","12":"taxable","13":"shipping-taxable","14":"purchasable","15":"product-type-simple"},"_links":{"self":[{"href":"https:\/\/shop.design-erfurt.de\/index.php?rest_route=\/wp\/v2\/product\/199","targetHints":{"allow":["GET"]}}],"collection":[{"href":"https:\/\/shop.design-erfurt.de\/index.php?rest_route=\/wp\/v2\/product"}],"about":[{"href":"https:\/\/shop.design-erfurt.de\/index.php?rest_route=\/wp\/v2\/types\/product"}],"wp:featuredmedia":[{"embeddable":true,"href":"https:\/\/shop.design-erfurt.de\/index.php?rest_route=\/wp\/v2\/media\/183"}],"wp:attachment":[{"href":"https:\/\/shop.design-erfurt.de\/index.php?rest_route=%2Fwp%2Fv2%2Fmedia&parent=199"}],"wp:term":[{"taxonomy":"product_cat","embeddable":true,"href":"https:\/\/shop.design-erfurt.de\/index.php?rest_route=%2Fwp%2Fv2%2Fproduct_cat&post=199"},{"taxonomy":"product_tag","embeddable":true,"href":"https:\/\/shop.design-erfurt.de\/index.php?rest_route=%2Fwp%2Fv2%2Fproduct_tag&post=199"}],"curies":[{"name":"wp","href":"https:\/\/api.w.org\/{rel}","templated":true}]}}