{"id":258,"date":"2021-11-19T16:21:40","date_gmt":"2021-11-19T15:21:40","guid":{"rendered":"https:\/\/shop.design-erfurt.de\/?post_type=product&#038;p=258"},"modified":"2024-11-26T15:50:47","modified_gmt":"2024-11-26T14:50:47","slug":"anhaenger-holz-gross-motiv-fischmarkt","status":"publish","type":"product","link":"https:\/\/shop.design-erfurt.de\/?product=anhaenger-holz-gross-motiv-fischmarkt","title":{"rendered":"Anh\u00e4nger Holz gro\u00df, Motiv: Fischmarkt"},"content":{"rendered":"<p>Anh\u00e4nger Holz<\/p>\n<p>gelasert<\/p>\n<p>D= 20 cm<\/p>\n<p>4 verschiedene Motive verf\u00fcgbar<\/p>\n","protected":false},"excerpt":{"rendered":"<p>Anh\u00e4nger Holz gelasert D= 20 cm 4 verschiedene Motive verf\u00fcgbar<\/p>\n","protected":false},"featured_media":264,"template":"","meta":{"inline_featured_image":false},"product_cat":[42,37],"product_tag":[],"class_list":{"0":"post-258","1":"product","2":"type-product","3":"status-publish","4":"has-post-thumbnail","6":"product_cat-neu","7":"product_cat-verschiedenes","9":"first","10":"outofstock","11":"taxable","12":"shipping-taxable","13":"purchasable","14":"product-type-simple"},"_links":{"self":[{"href":"https:\/\/shop.design-erfurt.de\/index.php?rest_route=\/wp\/v2\/product\/258","targetHints":{"allow":["GET"]}}],"collection":[{"href":"https:\/\/shop.design-erfurt.de\/index.php?rest_route=\/wp\/v2\/product"}],"about":[{"href":"https:\/\/shop.design-erfurt.de\/index.php?rest_route=\/wp\/v2\/types\/product"}],"wp:featuredmedia":[{"embeddable":true,"href":"https:\/\/shop.design-erfurt.de\/index.php?rest_route=\/wp\/v2\/media\/264"}],"wp:attachment":[{"href":"https:\/\/shop.design-erfurt.de\/index.php?rest_route=%2Fwp%2Fv2%2Fmedia&parent=258"}],"wp:term":[{"taxonomy":"product_cat","embeddable":true,"href":"https:\/\/shop.design-erfurt.de\/index.php?rest_route=%2Fwp%2Fv2%2Fproduct_cat&post=258"},{"taxonomy":"product_tag","embeddable":true,"href":"https:\/\/shop.design-erfurt.de\/index.php?rest_route=%2Fwp%2Fv2%2Fproduct_tag&post=258"}],"curies":[{"name":"wp","href":"https:\/\/api.w.org\/{rel}","templated":true}]}}